{"id":203,"date":"2025-10-15T18:31:52","date_gmt":"2025-10-15T16:31:52","guid":{"rendered":"https:\/\/rafaelcanogar.mudpropuesta.es\/?page_id=203"},"modified":"2025-10-15T18:38:23","modified_gmt":"2025-10-15T16:38:23","slug":"biografia","status":"publish","type":"page","link":"https:\/\/rafaelcanogar.mudpropuesta.es\/biografia.php","title":{"rendered":"Biografia"},"content":{"rendered":"\t\t<div data-elementor-type=\"wp-page\" data-elementor-id=\"203\" class=\"elementor elementor-203\" data-elementor-post-type=\"page\">\n\t\t\t\t<div class=\"elementor-element elementor-element-4351fd4b e-flex e-con-boxed e-con e-parent\" data-id=\"4351fd4b\" data-element_type=\"container\" data-e-type=\"container\">\n\t\t\t\t\t<div class=\"e-con-inner\">\n\t\t\t\t<div class=\"elementor-element elementor-element-1e0af282 elementor-widget elementor-widget-image\" data-id=\"1e0af282\" data-element_type=\"widget\" data-e-type=\"widget\" data-widget_type=\"image.default\">\n\t\t\t\t<div class=\"elementor-widget-container\">\n\t\t\t\t\t\t\t\t\t\t\t\t\t\t\t<img decoding=\"async\" width=\"208\" height=\"208\" src=\"https:\/\/rafaelcanogar.mudpropuesta.es\/wp-content\/uploads\/2025\/10\/foto-square-rafael-canogar.webp\" class=\"attachment-full size-full wp-image-168\" alt=\"\" srcset=\"https:\/\/rafaelcanogar.mudpropuesta.es\/wp-content\/uploads\/2025\/10\/foto-square-rafael-canogar.webp 208w, https:\/\/rafaelcanogar.mudpropuesta.es\/wp-content\/uploads\/2025\/10\/foto-square-rafael-canogar-25x25.webp 25w, https:\/\/rafaelcanogar.mudpropuesta.es\/wp-content\/uploads\/2025\/10\/foto-square-rafael-canogar-150x150.webp 150w, https:\/\/rafaelcanogar.mudpropuesta.es\/wp-content\/uploads\/2025\/10\/foto-square-rafael-canogar-48x48.webp 48w, https:\/\/rafaelcanogar.mudpropuesta.es\/wp-content\/uploads\/2025\/10\/foto-square-rafael-canogar-24x24.webp 24w, https:\/\/rafaelcanogar.mudpropuesta.es\/wp-content\/uploads\/2025\/10\/foto-square-rafael-canogar-36x36.webp 36w\" sizes=\"(max-width: 208px) 100vw, 208px\" \/>\t\t\t\t\t\t\t\t\t\t\t\t\t\t\t<\/div>\n\t\t\t\t<\/div>\n\t\t\t\t\t<\/div>\n\t\t\t\t<\/div>\n\t\t<div class=\"elementor-element elementor-element-476b2873 e-flex e-con-boxed e-con e-parent\" data-id=\"476b2873\" data-element_type=\"container\" data-e-type=\"container\">\n\t\t\t\t\t<div class=\"e-con-inner\">\n\t\t\t\t<div class=\"elementor-element elementor-element-5a846a60 elementor-widget elementor-widget-image\" data-id=\"5a846a60\" data-element_type=\"widget\" data-e-type=\"widget\" data-widget_type=\"image.default\">\n\t\t\t\t<div class=\"elementor-widget-container\">\n\t\t\t\t\t\t\t\t\t\t\t\t\t\t\t\t<a href=\"https:\/\/mudpropuesta.es\/\">\n\t\t\t\t\t\t\t<img decoding=\"async\" width=\"300\" height=\"92\" src=\"https:\/\/rafaelcanogar.mudpropuesta.es\/wp-content\/uploads\/2025\/10\/logo-firma-oficial-rafael-canogar-300x92.webp\" class=\"attachment-medium size-medium wp-image-169\" alt=\"\" srcset=\"https:\/\/rafaelcanogar.mudpropuesta.es\/wp-content\/uploads\/2025\/10\/logo-firma-oficial-rafael-canogar-300x92.webp 300w, https:\/\/rafaelcanogar.mudpropuesta.es\/wp-content\/uploads\/2025\/10\/logo-firma-oficial-rafael-canogar-25x8.webp 25w, https:\/\/rafaelcanogar.mudpropuesta.es\/wp-content\/uploads\/2025\/10\/logo-firma-oficial-rafael-canogar-768x235.webp 768w, https:\/\/rafaelcanogar.mudpropuesta.es\/wp-content\/uploads\/2025\/10\/logo-firma-oficial-rafael-canogar-1024x313.webp 1024w, https:\/\/rafaelcanogar.mudpropuesta.es\/wp-content\/uploads\/2025\/10\/logo-firma-oficial-rafael-canogar-48x15.webp 48w, https:\/\/rafaelcanogar.mudpropuesta.es\/wp-content\/uploads\/2025\/10\/logo-firma-oficial-rafael-canogar-24x7.webp 24w, https:\/\/rafaelcanogar.mudpropuesta.es\/wp-content\/uploads\/2025\/10\/logo-firma-oficial-rafael-canogar-36x11.webp 36w, https:\/\/rafaelcanogar.mudpropuesta.es\/wp-content\/uploads\/2025\/10\/logo-firma-oficial-rafael-canogar.webp 1323w\" sizes=\"(max-width: 300px) 100vw, 300px\" \/>\t\t\t\t\t\t\t\t<\/a>\n\t\t\t\t\t\t\t\t\t\t\t\t\t\t\t<\/div>\n\t\t\t\t<\/div>\n\t\t\t\t\t<\/div>\n\t\t\t\t<\/div>\n\t\t<div class=\"elementor-element elementor-element-30cbf5ba e-flex e-con-boxed e-con e-parent\" data-id=\"30cbf5ba\" data-element_type=\"container\" data-e-type=\"container\">\n\t\t\t\t\t<div class=\"e-con-inner\">\n\t\t\t\t<div class=\"elementor-element elementor-element-5189e559 elementor-widget__width-initial elementor-widget elementor-widget-text-editor\" data-id=\"5189e559\" data-element_type=\"widget\" data-e-type=\"widget\" data-widget_type=\"text-editor.default\">\n\t\t\t\t<div class=\"elementor-widget-container\">\n\t\t\t\t\t\t\t\t\t<p> Pintor, escultor y grabador espa\u00f1ol, es uno de los principales representantes del arte abstracto en Espa\u00f1a. Conocido por su manera de encarnar la pintura mat\u00e9rica en sus inicios, tuvo una \u00e9poca en la que se sumi\u00f3 en la corriente del informalismo el cual fue para Canogar algo sustancial y m\u00edstico, autoafirmaci\u00f3n y autorrealizaci\u00f3n. Desemboc\u00f3 as\u00ed en una tercera etapa m\u00e1s figurativa y con mayor complejidad narrativa.\n<\/p><p>\nSe traslada a Madrid en los a\u00f1os cuarenta y estudia con el pintor Daniel V\u00e1zquez D\u00edaz. En 1957 se convierte en uno de los fundadores del grupo El Paso. Premio Nacional de Artes Pl\u00e1sticas por el gobierno de Espa\u00f1a en 1982 y miembro de n\u00famero de la Real Academia de Bellas Artes de San Fernando desde 1991. En 2003 recibe la Medalla de Oro al M\u00e9rito en las Bellas Artes.\n<\/p><p>\nEn 1960 particip\u00f3 en la exposici\u00f3n de New Spanish Painting and Sculpture en el MOMA de Nueva York. En 2001 el Museo Nacional Centro de Arte Reina Sof\u00eda le dedica una exposici\u00f3n retrospectiva. Su obra se encuentra en museos de todo el mundo, destacando: el MOMA de Nueva York, el Reina Sof\u00eda de Madrid, el Museo Rufino Tamayo de M\u00e9xico D.F., el G\u00f6teborg Konstmuseum de Suecia y The Israel Museum en Jerusal\u00e9n.\n<\/p><p>\nEntre otras distinciones cabe destacar que es Miembro del Patronato del Museo Nacional de Arte contempor\u00e1neo, y que fue Vocal del Consejo de Administraci\u00f3n del Patrimonio Nacional de Madrid entre 1984 y 1987.\n<\/p>\n&nbsp;\t\t\t\t\t\t\t\t<\/div>\n\t\t\t\t<\/div>\n\t\t\t\t\t<\/div>\n\t\t\t\t<\/div>\n\t\t<div class=\"elementor-element elementor-element-76c1fa32 e-flex e-con-boxed e-con e-parent\" data-id=\"76c1fa32\" data-element_type=\"container\" data-e-type=\"container\">\n\t\t\t\t\t<div class=\"e-con-inner\">\n\t\t\t\t<div class=\"elementor-element elementor-element-5705aac3 elementor-widget__width-initial elementor-widget elementor-widget-text-editor\" data-id=\"5705aac3\" data-element_type=\"widget\" data-e-type=\"widget\" data-widget_type=\"text-editor.default\">\n\t\t\t\t<div class=\"elementor-widget-container\">\n\t\t\t\t\t\t\t\t\tParticipa en la exposici\u00f3n colectiva \u00abDe Goya a nuestros d\u00edas\u00bb realizada con los fondos del Banco de Espa\u00f1a en el Museo Mohamed VI de arte contempor\u00e1neo de Rabat (MMVI).\n<\/p><p>\nSe le concede la Medalla de Honor, en reconocimiento a su producci\u00f3n art\u00edstica, entregada por la Asociaci\u00f3n Espa\u00f1ola de Pintores y Escultores (AEPE).\n<\/p><p>\nParticipa en la exposici\u00f3n \u00abMadrid, Musa de las Artes\u00bb Museo de Arte Contempor\u00e1neo de Madrid.\n<\/p><p>\nParticipa en la exposici\u00f3n colectiva \u201cWith Rebellion awareness in born\u00bb en la Galer\u00eda Mayoral (Barcelona).\n<\/p><p>\nParticipa en la exposici\u00f3n colectiva \u201cLa po\u00e9tica entre abstracci\u00f3n y figuraci\u00f3n.\u00bb Arte espa\u00f1ol en los a\u00f1os 50 y 60. Exposici\u00f3n itinerante. Praga; Mosc\u00fa: Rossiyskaya Academia Khudozhestv, Prechistenka, 19, Mosc\u00fa; Roma: Fechas de celebraci\u00f3n: Instituto Cervantes (Roma) &#8211; Sala Piazza Navona, 91. Roma (Italia); Lisboa y Nueva York Exposici\u00f3n. &#8211; \u00abDeteng\u00e1monos: di\u00e1logos art\u00edsticos entre Jang Jae Cheol y Rafael Canogar\u00bb. Galer\u00eda Han-ul del Centro Cultural Coreano (Paseo de la Castellana, 15, 28046 Madrid).\n<\/p><p>\nSe le concede la Medalla al M\u00e9rito Cultural Extraordinario de Castilla-La Mancha. Entregada en el Teatro Circo de Albacete.\n<\/p><p>\nParticipa en la exposici\u00f3n colectiva \u00abPar\u00eds pese a todo, artistas extranjeros 1944-1968\u00bb, Museo Nacional Centro de Arte Reina Sof\u00eda.\n<\/p><p>\nParticipa en la Feria internacional de Arte Contempor\u00e1neo ARCOmadrid con diversas Galer\u00edas.\n<\/p><p>\nGaler\u00eda de Arte ORELLANA-5\n\nC\/ Orellana 5, 28004 &#8211; Madrid (Espa\u00f1a).\n\nTel: 91 426 68 29 \/ 667 777 174\n\nE-mail: &lt;a href=\u00bbmailto:galeria@arte-orellana.es\u00bb&gt;galeria@arte-orellana.es&lt;\/a&gt;\t\t\t\t\t\t\t\t<\/div>\n\t\t\t\t<\/div>\n\t\t\t\t\t<\/div>\n\t\t\t\t<\/div>\n\t\t\t\t<\/div>\n\t\t","protected":false},"excerpt":{"rendered":"<p>Pintor, escultor y grabador espa\u00f1ol, es uno de los principales representantes del arte abstracto en Espa\u00f1a. Conocido por su manera de encarnar la pintura mat\u00e9rica en sus inicios, tuvo una \u00e9poca en la que se sumi\u00f3 en la corriente del informalismo el cual fue para Canogar algo sustancial y m\u00edstico, autoafirmaci\u00f3n y autorrealizaci\u00f3n. Desemboc\u00f3 as\u00ed [&hellip;]<\/p>\n","protected":false},"author":1,"featured_media":0,"parent":0,"menu_order":0,"comment_status":"closed","ping_status":"closed","template":"","meta":{"_acf_changed":false,"footnotes":""},"class_list":["post-203","page","type-page","status-publish","hentry"],"acf":[],"_links":{"self":[{"href":"https:\/\/rafaelcanogar.mudpropuesta.es\/index.php\/wp-json\/wp\/v2\/pages\/203","targetHints":{"allow":["GET"]}}],"collection":[{"href":"https:\/\/rafaelcanogar.mudpropuesta.es\/index.php\/wp-json\/wp\/v2\/pages"}],"about":[{"href":"https:\/\/rafaelcanogar.mudpropuesta.es\/index.php\/wp-json\/wp\/v2\/types\/page"}],"author":[{"embeddable":true,"href":"https:\/\/rafaelcanogar.mudpropuesta.es\/index.php\/wp-json\/wp\/v2\/users\/1"}],"replies":[{"embeddable":true,"href":"https:\/\/rafaelcanogar.mudpropuesta.es\/index.php\/wp-json\/wp\/v2\/comments?post=203"}],"version-history":[{"count":4,"href":"https:\/\/rafaelcanogar.mudpropuesta.es\/index.php\/wp-json\/wp\/v2\/pages\/203\/revisions"}],"predecessor-version":[{"id":207,"href":"https:\/\/rafaelcanogar.mudpropuesta.es\/index.php\/wp-json\/wp\/v2\/pages\/203\/revisions\/207"}],"wp:attachment":[{"href":"https:\/\/rafaelcanogar.mudpropuesta.es\/index.php\/wp-json\/wp\/v2\/media?parent=203"}],"curies":[{"name":"wp","href":"https:\/\/api.w.org\/{rel}","templated":true}]}}