{"id":213,"date":"2025-10-15T18:35:00","date_gmt":"2025-10-15T16:35:00","guid":{"rendered":"https:\/\/rafaelcanogar.mudpropuesta.es\/?page_id=213"},"modified":"2025-10-15T18:37:53","modified_gmt":"2025-10-15T16:37:53","slug":"nosotros","status":"publish","type":"page","link":"https:\/\/rafaelcanogar.mudpropuesta.es\/nosotros.php","title":{"rendered":"Nosotros"},"content":{"rendered":"\t\t<div data-elementor-type=\"wp-page\" data-elementor-id=\"213\" class=\"elementor elementor-213\" data-elementor-post-type=\"page\">\n\t\t\t\t<div class=\"elementor-element elementor-element-495432a3 e-flex e-con-boxed e-con e-parent\" data-id=\"495432a3\" data-element_type=\"container\" data-e-type=\"container\">\n\t\t\t\t\t<div class=\"e-con-inner\">\n\t\t\t\t\t<\/div>\n\t\t\t\t<\/div>\n\t\t<div class=\"elementor-element elementor-element-11414631 e-flex e-con-boxed e-con e-parent\" data-id=\"11414631\" data-element_type=\"container\" data-e-type=\"container\">\n\t\t\t\t\t<div class=\"e-con-inner\">\n\t\t\t\t<div class=\"elementor-element elementor-element-18e67070 elementor-widget elementor-widget-image\" data-id=\"18e67070\" data-element_type=\"widget\" data-e-type=\"widget\" data-settings=\"{&quot;dce_enable_tooltip&quot;:&quot;yes&quot;,&quot;dce_tooltip_content&quot;:&quot;Eric Dewambrechie junto a Rafael Canogar en el estudio del artista&quot;,&quot;dce_tooltip_max_width&quot;:{&quot;unit&quot;:&quot;px&quot;,&quot;size&quot;:250,&quot;sizes&quot;:[]},&quot;dce_tooltip_placement&quot;:&quot;top&quot;,&quot;dce_tooltip_arrow&quot;:&quot;yes&quot;,&quot;dce_tooltip_follow_cursor&quot;:&quot;false&quot;,&quot;dce_tooltip_max_width_laptop&quot;:{&quot;unit&quot;:&quot;px&quot;,&quot;size&quot;:&quot;&quot;,&quot;sizes&quot;:[]},&quot;dce_tooltip_max_width_tablet&quot;:{&quot;unit&quot;:&quot;px&quot;,&quot;size&quot;:&quot;&quot;,&quot;sizes&quot;:[]},&quot;dce_tooltip_max_width_mobile&quot;:{&quot;unit&quot;:&quot;px&quot;,&quot;size&quot;:&quot;&quot;,&quot;sizes&quot;:[]},&quot;dce_tooltip_touch&quot;:&quot;true&quot;,&quot;dce_tooltip_zindex&quot;:&quot;9999&quot;}\" data-widget_type=\"image.default\">\n\t\t\t\t<div class=\"elementor-widget-container\">\n\t\t\t\t\t\t\t\t\t\t\t\t\t\t\t<img fetchpriority=\"high\" decoding=\"async\" width=\"611\" height=\"505\" src=\"https:\/\/rafaelcanogar.mudpropuesta.es\/wp-content\/uploads\/2025\/10\/Rafael-Canogar_Eric-Dewambrechie.webp\" class=\"attachment-large size-large wp-image-188\" alt=\"Rafael-Canogar Eric Dewambrechie\" srcset=\"https:\/\/rafaelcanogar.mudpropuesta.es\/wp-content\/uploads\/2025\/10\/Rafael-Canogar_Eric-Dewambrechie.webp 611w, https:\/\/rafaelcanogar.mudpropuesta.es\/wp-content\/uploads\/2025\/10\/Rafael-Canogar_Eric-Dewambrechie-25x21.webp 25w, https:\/\/rafaelcanogar.mudpropuesta.es\/wp-content\/uploads\/2025\/10\/Rafael-Canogar_Eric-Dewambrechie-300x248.webp 300w, https:\/\/rafaelcanogar.mudpropuesta.es\/wp-content\/uploads\/2025\/10\/Rafael-Canogar_Eric-Dewambrechie-48x40.webp 48w, https:\/\/rafaelcanogar.mudpropuesta.es\/wp-content\/uploads\/2025\/10\/Rafael-Canogar_Eric-Dewambrechie-24x20.webp 24w, https:\/\/rafaelcanogar.mudpropuesta.es\/wp-content\/uploads\/2025\/10\/Rafael-Canogar_Eric-Dewambrechie-36x30.webp 36w\" sizes=\"(max-width: 611px) 100vw, 611px\" \/>\t\t\t\t\t\t\t\t\t\t\t\t\t\t\t<\/div>\n\t\t\t\t<\/div>\n\t\t\t\t<div class=\"elementor-element elementor-element-3a543be2 elementor-widget elementor-widget-text-editor\" data-id=\"3a543be2\" data-element_type=\"widget\" data-e-type=\"widget\" data-widget_type=\"text-editor.default\">\n\t\t\t\t<div class=\"elementor-widget-container\">\n\t\t\t\t\t\t\t\t\t<p>Eric Dewambrechies, director de la\u00a0<strong>Galer\u00eda de Arte ORELLANA-5<\/strong>, mantiene con Rafael Canogar una relaci\u00f3n profesional y de amistad desde hace m\u00e1s de 30 a\u00f1os.<\/p><p>Durante este tiempo ha realizado varias ediciones de grabados, llevando a menudo su obra fuera de Espa\u00f1a. Gracias a esta duradera relaci\u00f3n, la galer\u00eda sigue la constante evoluci\u00f3n del artista.<\/p><p>En el a\u00f1o 1997, consciente de las dificultades que tiene el p\u00fablico para tener acceso al arte, como el alejamiento geogr\u00e1fico de ciertas galer\u00edas, Eric aprovecha la oportunidad que ofrece Internet para acercar el mundo pict\u00f3rico a todos los lugares.<\/p><p>De esta manera, la gran diversidad art\u00edstica que ofrece la galer\u00eda, permite a todas las personas sensibles, a los coleccionistas de arte y a los profesionales de la decoraci\u00f3n, encontrar una cuidada selecci\u00f3n de obras.<\/p><p>Todo ello acompa\u00f1ado por un asesoramiento personal, profesional y certificados de autenticidad para garantizar una compra acertada.<\/p><p>Le deseamos una agradable visita por nuestra web.<\/p>\t\t\t\t\t\t\t\t<\/div>\n\t\t\t\t<\/div>\n\t\t\t\t<div data-dce-text-color=\"#EB3F3F\" class=\"elementor-element elementor-element-56459f09 elementor-widget elementor-widget-text-editor\" data-id=\"56459f09\" data-element_type=\"widget\" data-e-type=\"widget\" data-widget_type=\"text-editor.default\">\n\t\t\t\t<div class=\"elementor-widget-container\">\n\t\t\t\t\t\t\t\t\t<p><a href=\"\/listado-obras.php\">Visite el cat\u00e1logo<\/a><\/p>\t\t\t\t\t\t\t\t<\/div>\n\t\t\t\t<\/div>\n\t\t\t\t\t<\/div>\n\t\t\t\t<\/div>\n\t\t\t\t<\/div>\n\t\t","protected":false},"excerpt":{"rendered":"<p>Eric Dewambrechies, director de la\u00a0Galer\u00eda de Arte ORELLANA-5, mantiene con Rafael Canogar una relaci\u00f3n profesional y de amistad desde hace m\u00e1s de 30 a\u00f1os. Durante este tiempo ha realizado varias ediciones de grabados, llevando a menudo su obra fuera de Espa\u00f1a. Gracias a esta duradera relaci\u00f3n, la galer\u00eda sigue la constante evoluci\u00f3n del artista. En [&hellip;]<\/p>\n","protected":false},"author":1,"featured_media":0,"parent":0,"menu_order":0,"comment_status":"closed","ping_status":"closed","template":"","meta":{"_acf_changed":false,"footnotes":""},"class_list":["post-213","page","type-page","status-publish","hentry"],"acf":[],"_links":{"self":[{"href":"https:\/\/rafaelcanogar.mudpropuesta.es\/index.php\/wp-json\/wp\/v2\/pages\/213","targetHints":{"allow":["GET"]}}],"collection":[{"href":"https:\/\/rafaelcanogar.mudpropuesta.es\/index.php\/wp-json\/wp\/v2\/pages"}],"about":[{"href":"https:\/\/rafaelcanogar.mudpropuesta.es\/index.php\/wp-json\/wp\/v2\/types\/page"}],"author":[{"embeddable":true,"href":"https:\/\/rafaelcanogar.mudpropuesta.es\/index.php\/wp-json\/wp\/v2\/users\/1"}],"replies":[{"embeddable":true,"href":"https:\/\/rafaelcanogar.mudpropuesta.es\/index.php\/wp-json\/wp\/v2\/comments?post=213"}],"version-history":[{"count":4,"href":"https:\/\/rafaelcanogar.mudpropuesta.es\/index.php\/wp-json\/wp\/v2\/pages\/213\/revisions"}],"predecessor-version":[{"id":217,"href":"https:\/\/rafaelcanogar.mudpropuesta.es\/index.php\/wp-json\/wp\/v2\/pages\/213\/revisions\/217"}],"wp:attachment":[{"href":"https:\/\/rafaelcanogar.mudpropuesta.es\/index.php\/wp-json\/wp\/v2\/media?parent=213"}],"curies":[{"name":"wp","href":"https:\/\/api.w.org\/{rel}","templated":true}]}}